{"id":5,"date":"2019-11-13T21:16:17","date_gmt":"2019-11-13T21:16:17","guid":{"rendered":"http:\/\/tfterceirizacao.com.br\/?page_id=5"},"modified":"2021-10-01T15:55:36","modified_gmt":"2021-10-01T18:55:36","slug":"one-page-express","status":"publish","type":"page","link":"https:\/\/tfterceirizacao.com.br\/","title":{"rendered":"Front Page"},"content":{"rendered":"<div  data-label=\"Beneficios\" data-id=\"stripped-coloured-icon-boxes\" data-category=\"overlapable\" class=\"features-coloured-icon-boxes-section stripped-coloured-icon-boxes\" data-overlap=\"true\" id=\"beneficios\" style=\"background-color: rgb(255, 255, 255);\"> <div  class=\"gridContainer\"> <div  class=\"features-coloured-icon-boxes-innerrow flexbox-list dark-text\" data-type=\"row\"> <div  class=\"features-coloured-icon-boxes-featurecol cp3cols\"> <div  class=\"features-coloured-icon-boxes-iconcontainer\" data-content-item-container=\"true\"> <i  data-cp-fa=\"true\" class=\"features-coloured-icon fa fa-bolt\"><\/i> <\/div> <h4  class=\"\">Redu\u00e7\u00e3o de custos<\/h4> <p  class=\"\">A redu\u00e7\u00e3o se d\u00e1 por meio da diminui\u00e7\u00e3o da folha de pagamento e os encargos referentes a elas e pela troca de alguns custos fixos por vari\u00e1veis.<\/p>  <\/div> <div  class=\"features-coloured-icon-boxes-featurecol cp3cols\"> <div  class=\"features-coloured-icon-boxes-iconcontainer\" data-content-item-container=\"true\"> <i  data-cp-fa=\"true\" class=\"features-coloured-icon fa fa-cloud\"><\/i> <\/div> <h4  class=\"\">Controle de Processos<\/h4> <p  class=\"\">Como a gest\u00e3o passa a ser de responsabilidade do parceiro de neg\u00f3cio, o papel do gestor passa a ser analisar os resultados e metas.<\/p>  <\/div> <div  class=\"features-coloured-icon-boxes-featurecol cp3cols\"> <div  class=\"features-coloured-icon-boxes-iconcontainer\" data-content-item-container=\"true\"> <i  data-cp-fa=\"true\" class=\"features-coloured-icon fa fa-signal\"><\/i> <\/div> <h4  class=\"\">Qualidade no Servi\u00e7o<\/h4> <p  class=\"\">Voc\u00ea possui a seguran\u00e7a de que as demais atividades tamb\u00e9m est\u00e3o sendo executadas por times que possuem total capacidade.<\/p>  <\/div>  <\/div> <\/div><\/div><div  id=\"quem-somos\" style=\"background-color: #f6f6f6;\" data-label=\"Quem Somos\" data-id=\"about-big-images-section\" data-category=\"about\" class=\"about-big-images-section\"> <div  class=\"gridContainer\"> <div  class=\"about-big-images-textrow\"> <div  class=\"about-big-images-textcol dynamic-color\" data-type=\"column\"> <h5  class=\"\">QUEM SOMOS<\/h5> <h3  class=\"\">TF Terceiriza\u00e7\u00e3o,&nbsp;<span  href=\"#\" class=\"span25\">a melhor op\u00e7\u00e3o <\/span>para seu neg\u00f3cio!<\/h3> <p  class=\"\">A TF \u00e9 reconhecida principalmente pela qualidade operacional que oferece. A nossa busca incessante por novas tecnologias nos torna uma empresa inovadora que prima pela excel\u00eancia e qualidade em todos as etapas dos processos.<br ><br >Mantemos contato direto com nosso cliente e tomamos todas as provid\u00eancias necess\u00e1rias para que haja uma perfeita realiza\u00e7\u00e3o dos servi\u00e7os contratados<br ><br >Ao contratar a TF, nosso cliente passa a contar com um servi\u00e7o de qualidade e uma parceria de sucesso!<\/p>  <\/div> <\/div> <\/div> <div  class=\"about-big-images-bottomrow\"> <div  class=\"about-big-images-leftimgcol\"><img  class=\"about-big-images-leftimg\" src=\"https:\/\/tfterceirizacao.com.br\/wp-content\/uploads\/2019\/11\/EQUIPE_low.jpg\"> <\/div> <div  class=\"about-big-images-centerimgcol\"><img  class=\"about-big-images-centerimg\" src=\"https:\/\/tfterceirizacao.com.br\/wp-content\/uploads\/2019\/11\/industrial-1636397_1920.jpg\"> <\/div> <div  class=\"about-big-images-rightimgcol\"><img  class=\"about-big-images-rightimg\" src=\"http:\/\/tfterceirizacao-com-br.hostingerapp.com\/wp-content\/plugins\/one-page-express-companion\/theme-data\/one-page-express\/sections\/images\/project1.jpg\"> <\/div> <\/div> <\/div><div  id=\"missao-1\" style=\"background-color: #ffffff;\" data-label=\"Miss\u00e3o\" data-id=\"content-image-left\" data-category=\"content\" class=\"content-left-image-section\"> <div  class=\"gridContainer\"> <div  class=\"row\"> <div  class=\"content-left-image-imgcol\" data-type=\"column\"><img  class=\"custom-image\" src=\"https:\/\/tfterceirizacao.com.br\/wp-content\/uploads\/2019\/11\/Logo-TF-2.png\">  <\/div> <div  class=\"content-left-image-textcol dynamic-color\" data-type=\"column\"> <h2  class=\"\">Nossa Miss\u00e3o&nbsp;<\/h2> <p  class=\"large_text\"> Executar o melhor servi\u00e7o, possibilitando aos nossos clientes focarem no seu pr\u00f3prio neg\u00f3cio, fornecendo e administrando pessoas que atendam \u00e0s necessidades de nossos clientes. <\/p>  <\/div> <\/div> <\/div> <\/div><div  id=\"vantagens\" style=\"background-color: #f6f6f6;\" data-label=\"Vantagens\" data-id=\"content-image-right\" data-category=\"content\" class=\"content-right-image-section\"> <div  class=\"gridContainer\"> <div  class=\"content-right-image-gridcol\"> <div  class=\"content-right-image-textcol dynamic-color\" data-type=\"column\"> <h2  class=\"\">Vantagens da Terceiriza\u00e7\u00e3o<\/h2> <p  class=\"large_text\"> As vantagens desse tipo de contrato s\u00e3o a flexibiliza\u00e7\u00e3o da mobiliza\u00e7\u00e3o e desmobiliza\u00e7\u00e3o de contingentes. A terceiriza\u00e7\u00e3o de servi\u00e7os permite que o cliente melhore sua competitividade e produtividade, concentrando a pr\u00f3pria energia no foco do seu neg\u00f3cio. O funcion\u00e1rio terceirizado tem todos os direitos garantidos regido pela clt.  <\/p>  <\/div> <div  class=\"content-right-image-imgcol\" data-type=\"column\"> <img  src=\"https:\/\/tfterceirizacao.com.br\/wp-content\/uploads\/2019\/11\/AdobeStock_199578596.jpg\" class=\"\"> <\/div> <\/div> <\/div> <\/div>","protected":false},"excerpt":{"rendered":"<p>Redu\u00e7\u00e3o de custos A redu\u00e7\u00e3o se d\u00e1 por meio da diminui\u00e7\u00e3o da folha de pagamento e os encargos referentes a elas e pela troca de alguns custos fixos por vari\u00e1veis. Controle de Processos Como a gest\u00e3o passa a ser de responsabilidade do parceiro de neg\u00f3cio, o papel do gestor passa a ser analisar os resultados&hellip; <br \/> <a class=\"button small blue\" href=\"https:\/\/tfterceirizacao.com.br\/?p=1\">Leia mais<\/a><\/p>\n","protected":false},"author":1,"featured_media":0,"parent":0,"menu_order":0,"comment_status":"closed","ping_status":"closed","template":"","meta":[],"_links":{"self":[{"href":"https:\/\/tfterceirizacao.com.br\/index.php?rest_route=\/wp\/v2\/pages\/5"}],"collection":[{"href":"https:\/\/tfterceirizacao.com.br\/index.php?rest_route=\/wp\/v2\/pages"}],"about":[{"href":"https:\/\/tfterceirizacao.com.br\/index.php?rest_route=\/wp\/v2\/types\/page"}],"author":[{"embeddable":true,"href":"https:\/\/tfterceirizacao.com.br\/index.php?rest_route=\/wp\/v2\/users\/1"}],"replies":[{"embeddable":true,"href":"https:\/\/tfterceirizacao.com.br\/index.php?rest_route=%2Fwp%2Fv2%2Fcomments&post=5"}],"version-history":[{"count":7,"href":"https:\/\/tfterceirizacao.com.br\/index.php?rest_route=\/wp\/v2\/pages\/5\/revisions"}],"predecessor-version":[{"id":59,"href":"https:\/\/tfterceirizacao.com.br\/index.php?rest_route=\/wp\/v2\/pages\/5\/revisions\/59"}],"wp:attachment":[{"href":"https:\/\/tfterceirizacao.com.br\/index.php?rest_route=%2Fwp%2Fv2%2Fmedia&parent=5"}],"curies":[{"name":"wp","href":"https:\/\/api.w.org\/{rel}","templated":true}]}}